{"id":331,"date":"2024-04-29T19:47:26","date_gmt":"2024-04-29T17:47:26","guid":{"rendered":"https:\/\/club-orateurs-messins.com\/?page_id=331"},"modified":"2025-08-31T19:07:15","modified_gmt":"2025-08-31T17:07:15","slug":"contact","status":"publish","type":"page","link":"https:\/\/club-orateurs-messins.com\/index.php\/contact\/","title":{"rendered":"Contact"},"content":{"rendered":"\t\t<div data-elementor-type=\"wp-page\" data-elementor-id=\"331\" class=\"elementor elementor-331\" data-elementor-post-type=\"page\">\n\t\t\t\t<div class=\"elementor-element elementor-element-e2a8c4f e-flex e-con-boxed e-con e-parent\" data-id=\"e2a8c4f\" data-element_type=\"container\" data-e-type=\"container\">\n\t\t\t\t\t<div class=\"e-con-inner\">\n\t\t\t\t<div class=\"elementor-element elementor-element-307eb78 elementor-widget elementor-widget-spacer\" data-id=\"307eb78\" data-element_type=\"widget\" data-e-type=\"widget\" data-widget_type=\"spacer.default\">\n\t\t\t\t<div class=\"elementor-widget-container\">\n\t\t\t\t\t\t\t<div class=\"elementor-spacer\">\n\t\t\t<div class=\"elementor-spacer-inner\"><\/div>\n\t\t<\/div>\n\t\t\t\t\t\t<\/div>\n\t\t\t\t<\/div>\n\t\t\t\t\t<\/div>\n\t\t\t\t<\/div>\n\t\t<div class=\"elementor-element elementor-element-7fc212f e-flex e-con-boxed e-con e-parent\" data-id=\"7fc212f\" data-element_type=\"container\" data-e-type=\"container\">\n\t\t\t\t\t<div class=\"e-con-inner\">\n\t\t\t\t<div class=\"elementor-element elementor-element-74223cb elementor-nav-menu__text-align-aside elementor-nav-menu--toggle elementor-nav-menu--burger elementor-widget elementor-widget-nav-menu\" data-id=\"74223cb\" data-element_type=\"widget\" data-e-type=\"widget\" data-settings=\"{&quot;layout&quot;:&quot;dropdown&quot;,&quot;submenu_icon&quot;:{&quot;value&quot;:&quot;&lt;svg class=\\&quot;e-font-icon-svg e-fas-caret-down\\&quot; viewBox=\\&quot;0 0 320 512\\&quot; xmlns=\\&quot;http:\\\/\\\/www.w3.org\\\/2000\\\/svg\\&quot;&gt;&lt;path d=\\&quot;M31.3 192h257.3c17.8 0 26.7 21.5 14.1 34.1L174.1 354.8c-7.8 7.8-20.5 7.8-28.3 0L17.2 226.1C4.6 213.5 13.5 192 31.3 192z\\&quot;&gt;&lt;\\\/path&gt;&lt;\\\/svg&gt;&quot;,&quot;library&quot;:&quot;fa-solid&quot;},&quot;toggle&quot;:&quot;burger&quot;}\" data-widget_type=\"nav-menu.default\">\n\t\t\t\t<div class=\"elementor-widget-container\">\n\t\t\t\t\t\t\t<div class=\"elementor-menu-toggle\" role=\"button\" tabindex=\"0\" aria-label=\"Permuter le menu\" aria-expanded=\"false\">\n\t\t\t<svg aria-hidden=\"true\" role=\"presentation\" class=\"elementor-menu-toggle__icon--open e-font-icon-svg e-eicon-menu-bar\" viewBox=\"0 0 1000 1000\" xmlns=\"http:\/\/www.w3.org\/2000\/svg\"><path d=\"M104 333H896C929 333 958 304 958 271S929 208 896 208H104C71 208 42 237 42 271S71 333 104 333ZM104 583H896C929 583 958 554 958 521S929 458 896 458H104C71 458 42 487 42 521S71 583 104 583ZM104 833H896C929 833 958 804 958 771S929 708 896 708H104C71 708 42 737 42 771S71 833 104 833Z\"><\/path><\/svg><svg aria-hidden=\"true\" role=\"presentation\" class=\"elementor-menu-toggle__icon--close e-font-icon-svg e-eicon-close\" viewBox=\"0 0 1000 1000\" xmlns=\"http:\/\/www.w3.org\/2000\/svg\"><path d=\"M742 167L500 408 258 167C246 154 233 150 217 150 196 150 179 158 167 167 154 179 150 196 150 212 150 229 154 242 171 254L408 500 167 742C138 771 138 800 167 829 196 858 225 858 254 829L496 587 738 829C750 842 767 846 783 846 800 846 817 842 829 829 842 817 846 804 846 783 846 767 842 750 829 737L588 500 833 258C863 229 863 200 833 171 804 137 775 137 742 167Z\"><\/path><\/svg>\t\t\t<span class=\"elementor-screen-only\">Menu<\/span>\n\t\t<\/div>\n\t\t\t\t\t<nav class=\"elementor-nav-menu--dropdown elementor-nav-menu__container\" aria-hidden=\"true\">\n\t\t\t\t<ul id=\"menu-2-74223cb\" class=\"elementor-nav-menu\"><li class=\"menu-item menu-item-type-post_type menu-item-object-page menu-item-354\"><a href=\"https:\/\/club-orateurs-messins.com\/index.php\/contact\/\" class=\"elementor-item\" tabindex=\"-1\">Contact<\/a><\/li>\n<\/ul>\t\t\t<\/nav>\n\t\t\t\t\t\t<\/div>\n\t\t\t\t<\/div>\n\t\t\t\t<div class=\"elementor-element elementor-element-e1cecbf elementor-widget elementor-widget-heading\" data-id=\"e1cecbf\" data-element_type=\"widget\" data-e-type=\"widget\" data-widget_type=\"heading.default\">\n\t\t\t\t<div class=\"elementor-widget-container\">\n\t\t\t\t\t<h1 class=\"elementor-heading-title elementor-size-default\">Maitrisez l'art oratoire \u00e0 <b>Metz <\/b>!<\/h1>\t\t\t\t<\/div>\n\t\t\t\t<\/div>\n\t\t\t\t\t<\/div>\n\t\t\t\t<\/div>\n\t\t<div class=\"elementor-element elementor-element-0b8d2df e-flex e-con-boxed e-con e-parent\" data-id=\"0b8d2df\" data-element_type=\"container\" data-e-type=\"container\">\n\t\t\t\t\t<div class=\"e-con-inner\">\n\t\t\t\t<div class=\"elementor-element elementor-element-f96972e elementor-widget elementor-widget-heading\" data-id=\"f96972e\" data-element_type=\"widget\" data-e-type=\"widget\" data-widget_type=\"heading.default\">\n\t\t\t\t<div class=\"elementor-widget-container\">\n\t\t\t\t\t<h2 class=\"elementor-heading-title elementor-size-default\">Vous souhaitez en savoir plus sur le <b><i>Club des Orateurs Messins <\/i><\/b>et comment devenir un membre actif de notre communaut\u00e9 d'orateurs passionn\u00e9s ?<\/h2>\t\t\t\t<\/div>\n\t\t\t\t<\/div>\n\t\t\t\t\t<\/div>\n\t\t\t\t<\/div>\n\t\t<div class=\"elementor-element elementor-element-5b7d830 e-flex e-con-boxed e-con e-parent\" data-id=\"5b7d830\" data-element_type=\"container\" data-e-type=\"container\">\n\t\t\t\t\t<div class=\"e-con-inner\">\n\t\t\t\t<div class=\"elementor-element elementor-element-e24af77 elementor-widget elementor-widget-heading\" data-id=\"e24af77\" data-element_type=\"widget\" data-e-type=\"widget\" data-widget_type=\"heading.default\">\n\t\t\t\t<div class=\"elementor-widget-container\">\n\t\t\t\t\t<h2 class=\"elementor-heading-title elementor-size-default\">Nous sommes ravis de votre int\u00e9r\u00eat !<\/h2>\t\t\t\t<\/div>\n\t\t\t\t<\/div>\n\t\t\t\t\t<\/div>\n\t\t\t\t<\/div>\n\t\t<header class=\"elementor-element elementor-element-422b6226 e-con-full e-flex e-con e-parent\" data-id=\"422b6226\" data-element_type=\"container\" data-e-type=\"container\">\n\t\t<div class=\"elementor-element elementor-element-6c7609f7 e-con-full e-flex e-con e-child\" data-id=\"6c7609f7\" data-element_type=\"container\" data-e-type=\"container\">\n\t\t\t\t<div class=\"elementor-element elementor-element-7d36347d elementor-align-end elementor-icon-list--layout-traditional elementor-list-item-link-full_width elementor-widget elementor-widget-icon-list\" data-id=\"7d36347d\" data-element_type=\"widget\" data-e-type=\"widget\" data-widget_type=\"icon-list.default\">\n\t\t\t\t<div class=\"elementor-widget-container\">\n\t\t\t\t\t\t\t<ul class=\"elementor-icon-list-items\">\n\t\t\t\t\t\t\t<li class=\"elementor-icon-list-item\">\n\t\t\t\t\t\t\t\t\t\t\t<span class=\"elementor-icon-list-icon\">\n\t\t\t\t\t\t\t<svg xmlns=\"http:\/\/www.w3.org\/2000\/svg\" id=\"bca8668a-c1a7-45ca-a09b-aba638241546\" data-name=\"Layer 1\" width=\"14.9685\" height=\"15\" viewBox=\"0 0 14.9685 15\"><path d=\"M14.576,11.0085,12.4827,8.9152a1.3923,1.3923,0,0,0-2.3176.5233,1.4244,1.4244,0,0,1-1.6447.8971A6.455,6.455,0,0,1,4.6328,6.4481,1.3551,1.3551,0,0,1,5.53,4.8033a1.3922,1.3922,0,0,0,.5233-2.3175L3.96.3925a1.4929,1.4929,0,0,0-2.0185,0l-1.42,1.42C-.8994,3.3082.6705,7.27,4.1843,10.7842s7.476,5.1585,8.9712,3.6633L14.576,13.027A1.4931,1.4931,0,0,0,14.576,11.0085Z\" transform=\"translate(0 0)\"><\/path><\/svg>\t\t\t\t\t\t<\/span>\n\t\t\t\t\t\t\t\t\t\t<span class=\"elementor-icon-list-text\">06 32 14 58 82<\/span>\n\t\t\t\t\t\t\t\t\t<\/li>\n\t\t\t\t\t\t<\/ul>\n\t\t\t\t\t\t<\/div>\n\t\t\t\t<\/div>\n\t\t\t\t<\/div>\n\t\t\t\t<\/header>\n\t\t<div class=\"elementor-element elementor-element-1c02b15e e-con-full e-flex e-con e-parent\" data-id=\"1c02b15e\" data-element_type=\"container\" data-e-type=\"container\">\n\t\t<div class=\"elementor-element elementor-element-0f3a64c e-con-full e-flex e-con e-child\" data-id=\"0f3a64c\" data-element_type=\"container\" data-e-type=\"container\">\n\t\t\t\t<\/div>\n\t\t<div class=\"elementor-element elementor-element-21298a70 e-con-full e-flex e-con e-child\" data-id=\"21298a70\" data-element_type=\"container\" data-e-type=\"container\">\n\t\t\t\t<div class=\"elementor-element elementor-element-53fd0e18 elementor-button-align-end elementor-widget__width-inherit elementor-widget elementor-widget-form\" data-id=\"53fd0e18\" data-element_type=\"widget\" data-e-type=\"widget\" data-settings=\"{&quot;step_next_label&quot;:&quot;Suivant &quot;,&quot;step_previous_label&quot;:&quot;Pr\\u00e9c\\u00e9dent &quot;,&quot;button_width&quot;:&quot;100&quot;,&quot;step_type&quot;:&quot;number_text&quot;,&quot;step_icon_shape&quot;:&quot;circle&quot;}\" data-widget_type=\"form.default\">\n\t\t\t\t<div class=\"elementor-widget-container\">\n\t\t\t\t\t\t\t<form class=\"elementor-form\" method=\"post\" name=\"Formulaire de contact \">\n\t\t\t<input type=\"hidden\" name=\"post_id\" value=\"331\"\/>\n\t\t\t<input type=\"hidden\" name=\"form_id\" value=\"53fd0e18\"\/>\n\t\t\t<input type=\"hidden\" name=\"referer_title\" value=\"Club orateurs messins\" \/>\n\n\t\t\t\n\t\t\t<div class=\"elementor-form-fields-wrapper elementor-labels-above\">\n\t\t\t\t\t\t\t\t<div class=\"elementor-field-type-html elementor-field-group elementor-column elementor-field-group-field_ebaca72 elementor-col-100\">\n\t\t\t\t\t\u00c9CRIVEZ-NOUS \t\t\t\t<\/div>\n\t\t\t\t\t\t\t\t<div class=\"elementor-field-type-text elementor-field-group elementor-column elementor-field-group-field_5bafeb3 elementor-col-50 elementor-field-required\">\n\t\t\t\t\t\t\t\t\t\t\t\t<label for=\"form-field-field_5bafeb3\" class=\"elementor-field-label\">\n\t\t\t\t\t\t\t\tNom\t\t\t\t\t\t\t<\/label>\n\t\t\t\t\t\t\t\t\t\t\t\t\t\t<input size=\"1\" type=\"text\" name=\"form_fields[field_5bafeb3]\" id=\"form-field-field_5bafeb3\" class=\"elementor-field elementor-size-sm  elementor-field-textual\" placeholder=\"Nom;Pr\u00e9nom\" required=\"required\" aria-required=\"true\">\n\t\t\t\t\t\t\t\t\t\t\t<\/div>\n\t\t\t\t\t\t\t\t<div class=\"elementor-field-type-email elementor-field-group elementor-column elementor-field-group-email elementor-col-50 elementor-field-required\">\n\t\t\t\t\t\t\t\t\t\t\t\t<label for=\"form-field-email\" class=\"elementor-field-label\">\n\t\t\t\t\t\t\t\tmail\t\t\t\t\t\t\t<\/label>\n\t\t\t\t\t\t\t\t\t\t\t\t\t\t<input size=\"1\" type=\"email\" name=\"form_fields[email]\" id=\"form-field-email\" class=\"elementor-field elementor-size-sm  elementor-field-textual\" placeholder=\"Votre adresse mail \" required=\"required\" aria-required=\"true\">\n\t\t\t\t\t\t\t\t\t\t\t<\/div>\n\t\t\t\t\t\t\t\t<div class=\"elementor-field-type-textarea elementor-field-group elementor-column elementor-field-group-message elementor-col-100\">\n\t\t\t\t\t\t\t\t\t\t\t\t<label for=\"form-field-message\" class=\"elementor-field-label\">\n\t\t\t\t\t\t\t\tMessage\t\t\t\t\t\t\t<\/label>\n\t\t\t\t\t\t<textarea class=\"elementor-field-textual elementor-field  elementor-size-sm\" name=\"form_fields[message]\" id=\"form-field-message\" rows=\"4\" placeholder=\"Votre message\"><\/textarea>\t\t\t\t<\/div>\n\t\t\t\t\t\t\t\t<div class=\"elementor-field-group elementor-column elementor-field-type-submit elementor-col-100 e-form__buttons\">\n\t\t\t\t\t<button type=\"submit\" class=\"elementor-button elementor-size-sm\">\n\t\t\t\t\t\t<span >\n\t\t\t\t\t\t\t\t\t\t\t\t\t\t\t<span class=\" elementor-button-icon\">\n\t\t\t\t\t\t\t\t\t\t\t\t\t\t\t\t\t\t\t\t\t\t\t\t\t\t<\/span>\n\t\t\t\t\t\t\t\t\t\t\t\t\t\t\t\t\t\t\t\t\t\t<span class=\"elementor-button-text\">Envoyer<\/span>\n\t\t\t\t\t\t\t\t\t\t\t\t\t<\/span>\n\t\t\t\t\t<\/button>\n\t\t\t\t<\/div>\n\t\t\t<\/div>\n\t\t<\/form>\n\t\t\t\t\t\t<\/div>\n\t\t\t\t<\/div>\n\t\t\t\t<div class=\"elementor-element elementor-element-a35caed elementor-widget elementor-widget-spacer\" data-id=\"a35caed\" data-element_type=\"widget\" data-e-type=\"widget\" data-widget_type=\"spacer.default\">\n\t\t\t\t<div class=\"elementor-widget-container\">\n\t\t\t\t\t\t\t<div class=\"elementor-spacer\">\n\t\t\t<div class=\"elementor-spacer-inner\"><\/div>\n\t\t<\/div>\n\t\t\t\t\t\t<\/div>\n\t\t\t\t<\/div>\n\t\t\t\t<\/div>\n\t\t<div class=\"elementor-element elementor-element-824663b e-con-full e-flex e-con e-child\" data-id=\"824663b\" data-element_type=\"container\" data-e-type=\"container\">\n\t\t\t\t<\/div>\n\t\t\t\t<\/div>\n\t\t\t\t<\/div>\n\t\t","protected":false},"excerpt":{"rendered":"<p>Maitrisez l&rsquo;art oratoire \u00e0 Metz ! Vous souhaitez en savoir plus sur le Club des Orateurs Messins et comment devenir un membre actif de notre communaut\u00e9 d&rsquo;orateurs passionn\u00e9s ? Nous sommes ravis de votre int\u00e9r\u00eat ! 06 32 14 58 82<\/p>\n","protected":false},"author":1,"featured_media":0,"parent":0,"menu_order":0,"comment_status":"open","ping_status":"closed","template":"elementor_canvas","meta":{"inline_featured_image":false,"_monsterinsights_skip_tracking":false,"_monsterinsights_sitenote_active":false,"_monsterinsights_sitenote_note":"","_monsterinsights_sitenote_category":0,"footnotes":""},"class_list":["post-331","page","type-page","status-publish","hentry"],"yoast_head":"<!-- This site is optimized with the Yoast SEO plugin v27.5 - https:\/\/yoast.com\/product\/yoast-seo-wordpress\/ -->\n<title>Contact - Club orateurs messins<\/title>\n<meta name=\"robots\" content=\"index, follow, max-snippet:-1, max-image-preview:large, max-video-preview:-1\" \/>\n<link rel=\"canonical\" href=\"https:\/\/club-orateurs-messins.com\/index.php\/contact\/\" \/>\n<meta property=\"og:locale\" content=\"fr_FR\" \/>\n<meta property=\"og:type\" content=\"article\" \/>\n<meta property=\"og:title\" content=\"Contact - Club orateurs messins\" \/>\n<meta property=\"og:description\" content=\"Maitrisez l&rsquo;art oratoire \u00e0 Metz ! Vous souhaitez en savoir plus sur le Club des Orateurs Messins et comment devenir un membre actif de notre communaut\u00e9 d&rsquo;orateurs passionn\u00e9s ? Nous sommes ravis de votre int\u00e9r\u00eat ! 06 32 14 58 82\" \/>\n<meta property=\"og:url\" content=\"https:\/\/club-orateurs-messins.com\/index.php\/contact\/\" \/>\n<meta property=\"og:site_name\" content=\"Club orateurs messins\" \/>\n<meta property=\"article:modified_time\" content=\"2025-08-31T17:07:15+00:00\" \/>\n<meta name=\"twitter:card\" content=\"summary_large_image\" \/>\n<meta name=\"twitter:label1\" content=\"Dur\u00e9e de lecture estim\u00e9e\" \/>\n\t<meta name=\"twitter:data1\" content=\"1 minute\" \/>\n<script type=\"application\/ld+json\" class=\"yoast-schema-graph\">{\"@context\":\"https:\\\/\\\/schema.org\",\"@graph\":[{\"@type\":\"WebPage\",\"@id\":\"https:\\\/\\\/club-orateurs-messins.com\\\/index.php\\\/contact\\\/\",\"url\":\"https:\\\/\\\/club-orateurs-messins.com\\\/index.php\\\/contact\\\/\",\"name\":\"Contact - Club orateurs messins\",\"isPartOf\":{\"@id\":\"https:\\\/\\\/club-orateurs-messins.com\\\/#website\"},\"datePublished\":\"2024-04-29T17:47:26+00:00\",\"dateModified\":\"2025-08-31T17:07:15+00:00\",\"breadcrumb\":{\"@id\":\"https:\\\/\\\/club-orateurs-messins.com\\\/index.php\\\/contact\\\/#breadcrumb\"},\"inLanguage\":\"fr-FR\",\"potentialAction\":[{\"@type\":\"ReadAction\",\"target\":[\"https:\\\/\\\/club-orateurs-messins.com\\\/index.php\\\/contact\\\/\"]}]},{\"@type\":\"BreadcrumbList\",\"@id\":\"https:\\\/\\\/club-orateurs-messins.com\\\/index.php\\\/contact\\\/#breadcrumb\",\"itemListElement\":[{\"@type\":\"ListItem\",\"position\":1,\"name\":\"Accueil\",\"item\":\"https:\\\/\\\/club-orateurs-messins.com\\\/\"},{\"@type\":\"ListItem\",\"position\":2,\"name\":\"Contact\"}]},{\"@type\":\"WebSite\",\"@id\":\"https:\\\/\\\/club-orateurs-messins.com\\\/#website\",\"url\":\"https:\\\/\\\/club-orateurs-messins.com\\\/\",\"name\":\"Club orateurs messins\",\"description\":\"Savoir prendre la parole en public\",\"publisher\":{\"@id\":\"https:\\\/\\\/club-orateurs-messins.com\\\/#organization\"},\"potentialAction\":[{\"@type\":\"SearchAction\",\"target\":{\"@type\":\"EntryPoint\",\"urlTemplate\":\"https:\\\/\\\/club-orateurs-messins.com\\\/?s={search_term_string}\"},\"query-input\":{\"@type\":\"PropertyValueSpecification\",\"valueRequired\":true,\"valueName\":\"search_term_string\"}}],\"inLanguage\":\"fr-FR\"},{\"@type\":\"Organization\",\"@id\":\"https:\\\/\\\/club-orateurs-messins.com\\\/#organization\",\"name\":\"Club orateurs messins\",\"url\":\"https:\\\/\\\/club-orateurs-messins.com\\\/\",\"logo\":{\"@type\":\"ImageObject\",\"inLanguage\":\"fr-FR\",\"@id\":\"https:\\\/\\\/club-orateurs-messins.com\\\/#\\\/schema\\\/logo\\\/image\\\/\",\"url\":\"https:\\\/\\\/club-orateurs-messins.com\\\/wp-content\\\/uploads\\\/2023\\\/11\\\/Club-des-orateurs-messins-logo.png\",\"contentUrl\":\"https:\\\/\\\/club-orateurs-messins.com\\\/wp-content\\\/uploads\\\/2023\\\/11\\\/Club-des-orateurs-messins-logo.png\",\"width\":1500,\"height\":1500,\"caption\":\"Club orateurs messins\"},\"image\":{\"@id\":\"https:\\\/\\\/club-orateurs-messins.com\\\/#\\\/schema\\\/logo\\\/image\\\/\"}}]}<\/script>\n<!-- \/ Yoast SEO plugin. -->","yoast_head_json":{"title":"Contact - Club orateurs messins","robots":{"index":"index","follow":"follow","max-snippet":"max-snippet:-1","max-image-preview":"max-image-preview:large","max-video-preview":"max-video-preview:-1"},"canonical":"https:\/\/club-orateurs-messins.com\/index.php\/contact\/","og_locale":"fr_FR","og_type":"article","og_title":"Contact - Club orateurs messins","og_description":"Maitrisez l&rsquo;art oratoire \u00e0 Metz ! Vous souhaitez en savoir plus sur le Club des Orateurs Messins et comment devenir un membre actif de notre communaut\u00e9 d&rsquo;orateurs passionn\u00e9s ? Nous sommes ravis de votre int\u00e9r\u00eat ! 06 32 14 58 82","og_url":"https:\/\/club-orateurs-messins.com\/index.php\/contact\/","og_site_name":"Club orateurs messins","article_modified_time":"2025-08-31T17:07:15+00:00","twitter_card":"summary_large_image","twitter_misc":{"Dur\u00e9e de lecture estim\u00e9e":"1 minute"},"schema":{"@context":"https:\/\/schema.org","@graph":[{"@type":"WebPage","@id":"https:\/\/club-orateurs-messins.com\/index.php\/contact\/","url":"https:\/\/club-orateurs-messins.com\/index.php\/contact\/","name":"Contact - Club orateurs messins","isPartOf":{"@id":"https:\/\/club-orateurs-messins.com\/#website"},"datePublished":"2024-04-29T17:47:26+00:00","dateModified":"2025-08-31T17:07:15+00:00","breadcrumb":{"@id":"https:\/\/club-orateurs-messins.com\/index.php\/contact\/#breadcrumb"},"inLanguage":"fr-FR","potentialAction":[{"@type":"ReadAction","target":["https:\/\/club-orateurs-messins.com\/index.php\/contact\/"]}]},{"@type":"BreadcrumbList","@id":"https:\/\/club-orateurs-messins.com\/index.php\/contact\/#breadcrumb","itemListElement":[{"@type":"ListItem","position":1,"name":"Accueil","item":"https:\/\/club-orateurs-messins.com\/"},{"@type":"ListItem","position":2,"name":"Contact"}]},{"@type":"WebSite","@id":"https:\/\/club-orateurs-messins.com\/#website","url":"https:\/\/club-orateurs-messins.com\/","name":"Club orateurs messins","description":"Savoir prendre la parole en public","publisher":{"@id":"https:\/\/club-orateurs-messins.com\/#organization"},"potentialAction":[{"@type":"SearchAction","target":{"@type":"EntryPoint","urlTemplate":"https:\/\/club-orateurs-messins.com\/?s={search_term_string}"},"query-input":{"@type":"PropertyValueSpecification","valueRequired":true,"valueName":"search_term_string"}}],"inLanguage":"fr-FR"},{"@type":"Organization","@id":"https:\/\/club-orateurs-messins.com\/#organization","name":"Club orateurs messins","url":"https:\/\/club-orateurs-messins.com\/","logo":{"@type":"ImageObject","inLanguage":"fr-FR","@id":"https:\/\/club-orateurs-messins.com\/#\/schema\/logo\/image\/","url":"https:\/\/club-orateurs-messins.com\/wp-content\/uploads\/2023\/11\/Club-des-orateurs-messins-logo.png","contentUrl":"https:\/\/club-orateurs-messins.com\/wp-content\/uploads\/2023\/11\/Club-des-orateurs-messins-logo.png","width":1500,"height":1500,"caption":"Club orateurs messins"},"image":{"@id":"https:\/\/club-orateurs-messins.com\/#\/schema\/logo\/image\/"}}]}},"_links":{"self":[{"href":"https:\/\/club-orateurs-messins.com\/index.php\/wp-json\/wp\/v2\/pages\/331","targetHints":{"allow":["GET"]}}],"collection":[{"href":"https:\/\/club-orateurs-messins.com\/index.php\/wp-json\/wp\/v2\/pages"}],"about":[{"href":"https:\/\/club-orateurs-messins.com\/index.php\/wp-json\/wp\/v2\/types\/page"}],"author":[{"embeddable":true,"href":"https:\/\/club-orateurs-messins.com\/index.php\/wp-json\/wp\/v2\/users\/1"}],"replies":[{"embeddable":true,"href":"https:\/\/club-orateurs-messins.com\/index.php\/wp-json\/wp\/v2\/comments?post=331"}],"version-history":[{"count":4,"href":"https:\/\/club-orateurs-messins.com\/index.php\/wp-json\/wp\/v2\/pages\/331\/revisions"}],"predecessor-version":[{"id":475,"href":"https:\/\/club-orateurs-messins.com\/index.php\/wp-json\/wp\/v2\/pages\/331\/revisions\/475"}],"wp:attachment":[{"href":"https:\/\/club-orateurs-messins.com\/index.php\/wp-json\/wp\/v2\/media?parent=331"}],"curies":[{"name":"wp","href":"https:\/\/api.w.org\/{rel}","templated":true}]}}